{"id":7,"date":"2012-12-07T03:45:50","date_gmt":"2012-12-07T03:45:50","guid":{"rendered":"http:\/\/www.warehousestudio.org\/?page_id=7"},"modified":"2021-09-05T14:04:12","modified_gmt":"2021-09-05T14:04:12","slug":"food-and-hospitality-photography-video-art-direction","status":"publish","type":"page","link":"https:\/\/www.warehousestudio.org\/fr\/food-and-hospitality-photography-video-art-direction\/","title":{"rendered":"A Propos"},"content":{"rendered":"\n<h1 class=\"wp-block-heading\">WAREHOUSE STUDIO<\/h1>\n\n\n\n<p>Warehouse Studio est une agence cr\u00e9ative et un studio photo fond\u00e9s en 2007, sp\u00e9cialis\u00e9s dans l\u2019\u00e9laboration de strat\u00e9gies de communication globale et plurielle pour le online, le offline et les r\u00e9seaux sociaux.<\/p>\n\n\n\n<p>Notre exp\u00e9rience dans la branding et le marketing nous permet de concevoir et de d\u00e9velopper des outils pertinents, impactants et uniques et d\u00e9velopper ainsi votre visibilit\u00e9 et de cr\u00e9er une interaction p\u00e9renne avec votre communaut\u00e9.<\/p>\n\n\n\n<p>Sp\u00e9cialis\u00e9s dans la restauration et l\u2019h\u00f4tellerie, nous imaginons des outils visuels et r\u00e9dactionnels au service de votre lieu.&nbsp; Nous prenons en charge l\u2019organisation de photo shooting et la r\u00e9alisation de vid\u00e9os virales.<\/p>\n\n\n\n<p>Ancr\u00e9e dans la tendance digitale actuelle o\u00f9 les r\u00e9seaux sociaux sont devenus les piliers du marketing contemporain, Warehouse Studio propose de booster votre \u00e9tablissement gr\u00e2ce \u00e0 une identit\u00e9 visuelle forte, un community management efficace et d\u00e9di\u00e9 et une pr\u00e9sence sur le web qui compl\u00e8te l\u2019exp\u00e9rience utilisateur.<\/p>\n\n\n\n<p><\/p>\n","protected":false},"excerpt":{"rendered":"<p>WAREHOUSE STUDIO Warehouse Studio est une agence cr\u00e9ative et un studio photo fond\u00e9s en 2007, sp\u00e9cialis\u00e9s dans l\u2019\u00e9laboration de strat\u00e9gies de communication globale et plurielle pour le online, le offline et les r\u00e9seaux sociaux. Notre exp\u00e9rience dans la branding et le marketing nous permet de concevoir et de d\u00e9velopper des outils pertinents, impactants et uniques et d\u00e9velopper ainsi votre visibilit\u00e9 et de cr\u00e9er une interaction p\u00e9renne avec votre communaut\u00e9. Sp\u00e9cialis\u00e9s dans la restauration et l\u2019h\u00f4tellerie, nous imaginons des outils visuels&#8230;<\/p>\n","protected":false},"author":1,"featured_media":0,"parent":0,"menu_order":0,"comment_status":"closed","ping_status":"open","template":"","meta":{"_acf_changed":false,"footnotes":""},"class_list":["post-7","page","type-page","status-publish","hentry"],"translation":{"provider":"WPGlobus","version":"3.0.1","language":"fr","enabled_languages":["en","fr"],"languages":{"en":{"title":true,"content":true,"excerpt":false},"fr":{"title":true,"content":true,"excerpt":false}}},"acf":[],"yoast_head":"<!-- This site is optimized with the Yoast SEO plugin v26.7 - https:\/\/yoast.com\/wordpress\/plugins\/seo\/ -->\n<title>A Propos - Warehouse Studio<\/title>\n<meta name=\"robots\" content=\"index, follow, max-snippet:-1, max-image-preview:large, max-video-preview:-1\" \/>\n<link rel=\"canonical\" href=\"https:\/\/www.warehousestudio.org\/food-and-hospitality-photography-video-art-direction\/\" \/>\n<meta property=\"og:locale\" content=\"fr_FR\" \/>\n<meta property=\"og:type\" content=\"article\" \/>\n<meta property=\"og:title\" content=\"A Propos - Warehouse Studio\" \/>\n<meta property=\"og:url\" content=\"https:\/\/www.warehousestudio.org\/food-and-hospitality-photography-video-art-direction\/\" \/>\n<meta property=\"og:site_name\" content=\"Warehouse Studio\" \/>\n<meta property=\"article:modified_time\" content=\"2021-09-05T14:04:12+00:00\" \/>\n<meta name=\"twitter:card\" content=\"summary_large_image\" \/>\n<meta name=\"twitter:label1\" content=\"Est. reading time\" \/>\n\t<meta name=\"twitter:data1\" content=\"1 minute\" \/>\n<script type=\"application\/ld+json\" class=\"yoast-schema-graph\">{\"@context\":\"https:\/\/schema.org\",\"@graph\":[{\"@type\":\"WebPage\",\"@id\":\"https:\/\/www.warehousestudio.org\/food-and-hospitality-photography-video-art-direction\/\",\"url\":\"https:\/\/www.warehousestudio.org\/food-and-hospitality-photography-video-art-direction\/\",\"name\":\"A Propos - Warehouse Studio\",\"isPartOf\":{\"@id\":\"https:\/\/www.warehousestudio.org\/#website\"},\"datePublished\":\"2012-12-07T03:45:50+00:00\",\"dateModified\":\"2021-09-05T14:04:12+00:00\",\"description\":\"Warehousestudio is a creative studio dedicated to FnB and hospitality industry founded by Olivia &amp; Lucas Gurdjian. We do photography, videography, art direction, visual identity. %\",\"breadcrumb\":{\"@id\":\"https:\/\/www.warehousestudio.org\/food-and-hospitality-photography-video-art-direction\/#breadcrumb\"},\"inLanguage\":\"fr-FR\",\"potentialAction\":[{\"@type\":\"ReadAction\",\"target\":[\"https:\/\/www.warehousestudio.org\/food-and-hospitality-photography-video-art-direction\/\"]}]},{\"@type\":\"BreadcrumbList\",\"@id\":\"https:\/\/www.warehousestudio.org\/food-and-hospitality-photography-video-art-direction\/#breadcrumb\",\"itemListElement\":[{\"@type\":\"ListItem\",\"position\":1,\"name\":\"Home\",\"item\":\"https:\/\/www.warehousestudio.org\/\"},{\"@type\":\"ListItem\",\"position\":2,\"name\":\"About\"}]},{\"@type\":\"WebSite\",\"@id\":\"https:\/\/www.warehousestudio.org\/#website\",\"url\":\"https:\/\/www.warehousestudio.org\/\",\"name\":\"Warehouse Studio\",\"description\":\"You Must Create\",\"publisher\":{\"@id\":\"https:\/\/www.warehousestudio.org\/#organization\"},\"potentialAction\":[{\"@type\":\"SearchAction\",\"target\":{\"@type\":\"EntryPoint\",\"urlTemplate\":\"https:\/\/www.warehousestudio.org\/?s={search_term_string}\"},\"query-input\":{\"@type\":\"PropertyValueSpecification\",\"valueRequired\":true,\"valueName\":\"search_term_string\"}}],\"inLanguage\":\"fr-FR\"},{\"@type\":\"Organization\",\"@id\":\"https:\/\/www.warehousestudio.org\/#organization\",\"name\":\"Warehouse Studio\",\"url\":\"https:\/\/www.warehousestudio.org\/\",\"logo\":{\"@type\":\"ImageObject\",\"inLanguage\":\"fr-FR\",\"@id\":\"https:\/\/www.warehousestudio.org\/#\/schema\/logo\/image\/\",\"url\":\"https:\/\/www.warehousestudio.org\/wp-content\/uploads\/2019\/11\/whs-logo-2019.jpg\",\"contentUrl\":\"https:\/\/www.warehousestudio.org\/wp-content\/uploads\/2019\/11\/whs-logo-2019.jpg\",\"width\":1500,\"height\":965,\"caption\":\"Warehouse Studio\"},\"image\":{\"@id\":\"https:\/\/www.warehousestudio.org\/#\/schema\/logo\/image\/\"},\"sameAs\":[\"https:\/\/www.instagram.com\/lucasgurdjian\"]}]}<\/script>\n<!-- \/ Yoast SEO plugin. -->","yoast_head_json":{"title":"A Propos - Warehouse Studio","robots":{"index":"index","follow":"follow","max-snippet":"max-snippet:-1","max-image-preview":"max-image-preview:large","max-video-preview":"max-video-preview:-1"},"canonical":"https:\/\/www.warehousestudio.org\/food-and-hospitality-photography-video-art-direction\/","og_locale":"fr_FR","og_type":"article","og_title":"A Propos - Warehouse Studio","og_url":"https:\/\/www.warehousestudio.org\/food-and-hospitality-photography-video-art-direction\/","og_site_name":"Warehouse Studio","article_modified_time":"2021-09-05T14:04:12+00:00","twitter_card":"summary_large_image","twitter_misc":{"Est. reading time":"1 minute"},"schema":{"@context":"https:\/\/schema.org","@graph":[{"@type":"WebPage","@id":"https:\/\/www.warehousestudio.org\/food-and-hospitality-photography-video-art-direction\/","url":"https:\/\/www.warehousestudio.org\/food-and-hospitality-photography-video-art-direction\/","name":"A Propos - Warehouse Studio","isPartOf":{"@id":"https:\/\/www.warehousestudio.org\/#website"},"datePublished":"2012-12-07T03:45:50+00:00","dateModified":"2021-09-05T14:04:12+00:00","description":"Warehousestudio is a creative studio dedicated to FnB and hospitality industry founded by Olivia &amp; Lucas Gurdjian. We do photography, videography, art direction, visual identity. %","breadcrumb":{"@id":"https:\/\/www.warehousestudio.org\/food-and-hospitality-photography-video-art-direction\/#breadcrumb"},"inLanguage":"fr-FR","potentialAction":[{"@type":"ReadAction","target":["https:\/\/www.warehousestudio.org\/food-and-hospitality-photography-video-art-direction\/"]}]},{"@type":"BreadcrumbList","@id":"https:\/\/www.warehousestudio.org\/food-and-hospitality-photography-video-art-direction\/#breadcrumb","itemListElement":[{"@type":"ListItem","position":1,"name":"Home","item":"https:\/\/www.warehousestudio.org\/"},{"@type":"ListItem","position":2,"name":"About"}]},{"@type":"WebSite","@id":"https:\/\/www.warehousestudio.org\/#website","url":"https:\/\/www.warehousestudio.org\/","name":"Warehouse Studio","description":"You Must Create","publisher":{"@id":"https:\/\/www.warehousestudio.org\/#organization"},"potentialAction":[{"@type":"SearchAction","target":{"@type":"EntryPoint","urlTemplate":"https:\/\/www.warehousestudio.org\/?s={search_term_string}"},"query-input":{"@type":"PropertyValueSpecification","valueRequired":true,"valueName":"search_term_string"}}],"inLanguage":"fr-FR"},{"@type":"Organization","@id":"https:\/\/www.warehousestudio.org\/#organization","name":"Warehouse Studio","url":"https:\/\/www.warehousestudio.org\/","logo":{"@type":"ImageObject","inLanguage":"fr-FR","@id":"https:\/\/www.warehousestudio.org\/#\/schema\/logo\/image\/","url":"https:\/\/www.warehousestudio.org\/wp-content\/uploads\/2019\/11\/whs-logo-2019.jpg","contentUrl":"https:\/\/www.warehousestudio.org\/wp-content\/uploads\/2019\/11\/whs-logo-2019.jpg","width":1500,"height":965,"caption":"Warehouse Studio"},"image":{"@id":"https:\/\/www.warehousestudio.org\/#\/schema\/logo\/image\/"},"sameAs":["https:\/\/www.instagram.com\/lucasgurdjian"]}]}},"_links":{"self":[{"href":"https:\/\/www.warehousestudio.org\/fr\/wp-json\/wp\/v2\/pages\/7","targetHints":{"allow":["GET"]}}],"collection":[{"href":"https:\/\/www.warehousestudio.org\/fr\/wp-json\/wp\/v2\/pages"}],"about":[{"href":"https:\/\/www.warehousestudio.org\/fr\/wp-json\/wp\/v2\/types\/page"}],"author":[{"embeddable":true,"href":"https:\/\/www.warehousestudio.org\/fr\/wp-json\/wp\/v2\/users\/1"}],"replies":[{"embeddable":true,"href":"https:\/\/www.warehousestudio.org\/fr\/wp-json\/wp\/v2\/comments?post=7"}],"version-history":[{"count":15,"href":"https:\/\/www.warehousestudio.org\/fr\/wp-json\/wp\/v2\/pages\/7\/revisions"}],"predecessor-version":[{"id":3072,"href":"https:\/\/www.warehousestudio.org\/fr\/wp-json\/wp\/v2\/pages\/7\/revisions\/3072"}],"wp:attachment":[{"href":"https:\/\/www.warehousestudio.org\/fr\/wp-json\/wp\/v2\/media?parent=7"}],"curies":[{"name":"wp","href":"https:\/\/api.w.org\/{rel}","templated":true}]}}